{"id":308,"date":"2022-03-11T11:30:11","date_gmt":"2022-03-11T11:30:11","guid":{"rendered":"https:\/\/startersites.io\/stagingfive\/?page_id=3"},"modified":"2026-04-21T23:40:43","modified_gmt":"2026-04-21T21:40:43","slug":"privacy-policy","status":"publish","type":"page","link":"https:\/\/istirincha.com.mx\/hotelsc\/privacy-policy\/","title":{"rendered":"Aviso de privacidad"},"content":{"rendered":"\n<p>AVISO DE PRIVACIDAD<\/p>\n\n\n\n<p>Operadora Ecotur\u00edstica Istirinch\u00e1 S.A. de C.V., con domicilio en Alcalde y Garc\u00eda No. 11 Bis, Colonia Centro, C.P. 91000, Xalapa, Veracruz, es responsable del tratamiento de los datos personales que nos proporcione a trav\u00e9s de nuestros sitios web, plataformas digitales o cualquier medio de contacto relacionado con los hoteles que opera.<\/p>\n\n\n\n<p>DATOS PERSONALES QUE RECABAMOS<\/p>\n\n\n\n<p>Los datos personales que podremos recabar incluyen:<\/p>\n\n\n\n<p>\u2022 Nombre completo<br>\u2022 Tel\u00e9fono de contacto<br>\u2022 Direcci\u00f3n de correo electr\u00f3nico<br>\u2022 Informaci\u00f3n relacionada con reservaciones<br>\u2022 Datos de facturaci\u00f3n<br>\u2022 Informaci\u00f3n de pago proporcionada para garantizar reservaciones<\/p>\n\n\n\n<p>Asimismo, de forma autom\u00e1tica nuestro sitio web puede recabar informaci\u00f3n t\u00e9cnica como:<\/p>\n\n\n\n<p>\u2022 Direcci\u00f3n IP<br>\u2022 Tipo de navegador<br>\u2022 Sistema operativo<br>\u2022 Informaci\u00f3n de navegaci\u00f3n en el sitio<\/p>\n\n\n\n<p>FINALIDAD DEL TRATAMIENTO DE DATOS<\/p>\n\n\n\n<p>Los datos personales ser\u00e1n utilizados para las siguientes finalidades:<\/p>\n\n\n\n<p>Finalidades primarias:<\/p>\n\n\n\n<p>\u2022 Gestionar reservaciones y servicios de hospedaje<br>\u2022 Confirmar o modificar reservaciones<br>\u2022 Contactar al hu\u00e9sped respecto a su estancia<br>\u2022 Realizar procesos de facturaci\u00f3n<br>\u2022 Proporcionar atenci\u00f3n al cliente<\/p>\n\n\n\n<p>Finalidades secundarias:<\/p>\n\n\n\n<p>\u2022 Enviar promociones o informaci\u00f3n sobre servicios del hotel<br>\u2022 Realizar encuestas de satisfacci\u00f3n<br>\u2022 Mejorar nuestros servicios<\/p>\n\n\n\n<p>El titular podr\u00e1 solicitar en cualquier momento que sus datos no sean utilizados para finalidades secundarias.<\/p>\n\n\n\n<p>TRANSFERENCIA DE DATOS<\/p>\n\n\n\n<p>Operadora Ecotur\u00edstica Istirinch\u00e1 S.A. de C.V. podr\u00e1 compartir datos personales \u00fanicamente cuando sea necesario para:<\/p>\n\n\n\n<p>\u2022 Procesamiento de pagos<br>\u2022 Cumplimiento de obligaciones legales<br>\u2022 Proveedores tecnol\u00f3gicos que apoyen la operaci\u00f3n del sitio web o servicios del hotel<\/p>\n\n\n\n<p>DERECHOS ARCO<\/p>\n\n\n\n<p>El titular de los datos personales tiene derecho a:<\/p>\n\n\n\n<p>\u2022 Acceder a sus datos personales<br>\u2022 Rectificarlos cuando sean inexactos<br>\u2022 Cancelarlos cuando considere que no se requieren<br>\u2022 Oponerse al tratamiento de los mismos<\/p>\n\n\n\n<p>Para ejercer estos derechos deber\u00e1 enviar una solicitud al correo electr\u00f3nico:<\/p>\n\n\n\n<p>\u00a0<a href=\"mailto:admon@istirincha.com.mx\" target=\"_blank\" rel=\"noreferrer noopener\">admon@istirincha.com.mx<\/a><\/p>\n\n\n\n<p>USO DE COOKIES Y TECNOLOG\u00cdAS SIMILARES<\/p>\n\n\n\n<p>Nuestro sitio web puede utilizar cookies y tecnolog\u00edas similares para mejorar la experiencia del usuario y analizar el uso del sitio.<\/p>\n\n\n\n<p>Las cookies permiten recopilar informaci\u00f3n estad\u00edstica sobre el comportamiento de navegaci\u00f3n de los usuarios.<\/p>\n\n\n\n<p>CAMBIOS AL AVISO DE PRIVACIDAD<\/p>\n\n\n\n<p>Operadora Ecotur\u00edstica Istirinch\u00e1 S.A. de C.V. se reserva el derecho de modificar o actualizar el presente aviso de privacidad en cualquier momento.<\/p>\n\n\n\n<p>Las modificaciones estar\u00e1n disponibles en los sitios web oficiales de los hoteles.<\/p>\n\n\n\n<p>\u00daltima actualizaci\u00f3n: 09 de marzo del 2026<\/p>\n","protected":false},"excerpt":{"rendered":"<p>AVISO DE PRIVACIDAD Operadora Ecotur\u00edstica Istirinch\u00e1 S.A. de C.V., con domicilio en Alcalde y Garc\u00eda No. 11 Bis, Colonia Centro, C.P. 91000, Xalapa, Veracruz, es responsable del tratamiento de los datos personales que nos proporcione a trav\u00e9s de nuestros sitios web, plataformas digitales o cualquier medio de contacto relacionado con los hoteles que opera. DATOS [&hellip;]<\/p>\n","protected":false},"author":1,"featured_media":0,"parent":0,"menu_order":0,"comment_status":"closed","ping_status":"closed","template":"","meta":{"footnotes":""},"class_list":["post-308","page","type-page","status-publish","hentry"],"blocksy_meta":{"styles_descriptor":{"styles":{"desktop":"","tablet":"","mobile":""},"google_fonts":[],"version":6}},"_links":{"self":[{"href":"https:\/\/istirincha.com.mx\/hotelsc\/wp-json\/wp\/v2\/pages\/308","targetHints":{"allow":["GET"]}}],"collection":[{"href":"https:\/\/istirincha.com.mx\/hotelsc\/wp-json\/wp\/v2\/pages"}],"about":[{"href":"https:\/\/istirincha.com.mx\/hotelsc\/wp-json\/wp\/v2\/types\/page"}],"author":[{"embeddable":true,"href":"https:\/\/istirincha.com.mx\/hotelsc\/wp-json\/wp\/v2\/users\/1"}],"replies":[{"embeddable":true,"href":"https:\/\/istirincha.com.mx\/hotelsc\/wp-json\/wp\/v2\/comments?post=308"}],"version-history":[{"count":4,"href":"https:\/\/istirincha.com.mx\/hotelsc\/wp-json\/wp\/v2\/pages\/308\/revisions"}],"predecessor-version":[{"id":992,"href":"https:\/\/istirincha.com.mx\/hotelsc\/wp-json\/wp\/v2\/pages\/308\/revisions\/992"}],"wp:attachment":[{"href":"https:\/\/istirincha.com.mx\/hotelsc\/wp-json\/wp\/v2\/media?parent=308"}],"curies":[{"name":"wp","href":"https:\/\/api.w.org\/{rel}","templated":true}]}}