{"id":1137,"date":"2026-02-15T01:05:48","date_gmt":"2026-02-15T00:05:48","guid":{"rendered":"https:\/\/istirincha.stivopro.com\/hotelistirincha\/?page_id=1137"},"modified":"2026-02-15T01:42:44","modified_gmt":"2026-02-15T00:42:44","slug":"sitios-de-interes","status":"publish","type":"page","link":"https:\/\/istirincha.com.mx\/hotelistirincha\/sitios-de-interes\/","title":{"rendered":"Sitios de inter\u00e9s"},"content":{"rendered":"\n<div class=\"wp-block-stackable-columns stk-block-columns stk-block stk-c4c5927\" data-block-id=\"c4c5927\"><style>.stk-c4c5927 .stk--block-align-c4c5927{align-items:center !important;}.stk-c4c5927 {margin-bottom:0px !important;}.stk-c4c5927-column{--stk-column-gap:35px !important;row-gap:60px !important;}<\/style><div class=\"stk-row stk-inner-blocks has-text-align-center-tablet stk--block-align-c4c5927 stk-block-content stk-content-align stk-c4c5927-column\">\n<div class=\"wp-block-stackable-column stk-block-column stk-column stk-block stk-aaf56fc\" data-v=\"4\" data-block-id=\"aaf56fc\"><style>.stk-aaf56fc-container{margin-top:0px !important;margin-right:0px !important;margin-bottom:0px !important;margin-left:0px !important;}@media screen and (min-width:690px) and (max-width:999px){.stk-aaf56fc {flex:var(--stk-flex-grow, 1) 1 calc(100% - var(--stk-column-gap, 0px) * 0 \/ 1 ) !important;}}@media screen and (max-width:689px){.stk-aaf56fc {flex:var(--stk-flex-grow, 1) 1 calc(100% - var(--stk-column-gap, 0px) * 1 \/ 2 ) !important;}}<\/style><div class=\"stk-column-wrapper stk-block-column__content stk-container stk-aaf56fc-container stk--no-background stk--no-padding\"><div class=\"stk-block-content stk-inner-blocks stk-aaf56fc-inner-blocks\">\n<div class=\"wp-block-stackable-image stk-block-image stk-block stk-ef84e36\" data-block-id=\"ef84e36\"><style>.stk-ef84e36 .stk-img-wrapper{aspect-ratio:1\/1 !important;height:auto !important;}.stk-ef84e36 .stk-img-wrapper img{object-position:61% 50% !important;}@media screen and (max-width:999px){.stk-ef84e36 .stk-img-wrapper{height:auto !important;}}@media screen and (max-width:689px){.stk-ef84e36 .stk-img-wrapper{height:auto !important;}}<\/style><figure><span class=\"stk-img-wrapper stk-image--shape-stretch\"><img loading=\"lazy\" decoding=\"async\" class=\"stk-img wp-image-1140\" src=\"https:\/\/istirincha.stivopro.com\/hotelistirincha\/wp-content\/uploads\/sites\/3\/2026\/02\/CumbreTajin6.jpg\" width=\"1800\" height=\"1200\" srcset=\"https:\/\/istirincha.com.mx\/hotelistirincha\/wp-content\/uploads\/sites\/3\/2026\/02\/CumbreTajin6.jpg 1800w, https:\/\/istirincha.com.mx\/hotelistirincha\/wp-content\/uploads\/sites\/3\/2026\/02\/CumbreTajin6-300x200.jpg 300w, https:\/\/istirincha.com.mx\/hotelistirincha\/wp-content\/uploads\/sites\/3\/2026\/02\/CumbreTajin6-1024x683.jpg 1024w, https:\/\/istirincha.com.mx\/hotelistirincha\/wp-content\/uploads\/sites\/3\/2026\/02\/CumbreTajin6-768x512.jpg 768w, https:\/\/istirincha.com.mx\/hotelistirincha\/wp-content\/uploads\/sites\/3\/2026\/02\/CumbreTajin6-1536x1024.jpg 1536w, https:\/\/istirincha.com.mx\/hotelistirincha\/wp-content\/uploads\/sites\/3\/2026\/02\/CumbreTajin6-600x400.jpg 600w\" sizes=\"auto, (max-width: 1800px) 100vw, 1800px\" \/><\/span><\/figure><\/div>\n<\/div><\/div><\/div>\n\n\n\n<div class=\"wp-block-stackable-column stk-block-column stk-column stk-block stk-adc88c6\" data-v=\"4\" data-block-id=\"adc88c6\"><style>.stk-adc88c6-container{margin-top:0px !important;margin-right:0px !important;margin-bottom:0px !important;margin-left:0px !important;}.stk-adc88c6 {padding-right:30px !important;padding-left:30px !important;}@media screen and (min-width:690px) and (max-width:999px){.stk-adc88c6 {flex:var(--stk-flex-grow, 1) 1 calc(100% - var(--stk-column-gap, 0px) * 0 \/ 1 ) !important;}}@media screen and (max-width:999px){.stk-adc88c6 {padding-top:0px !important;padding-right:0px !important;padding-bottom:0px !important;padding-left:0px !important;}}<\/style><div class=\"stk-column-wrapper stk-block-column__content stk-container stk-adc88c6-container stk--no-background stk--no-padding\"><div class=\"stk-block-content stk-inner-blocks stk-adc88c6-inner-blocks\">\n<div class=\"wp-block-stackable-heading stk-block-heading stk-block-heading--v2 stk-block stk-474cdea\" id=\"sitio-arqueologico-el-tajin\" data-block-id=\"474cdea\"><style>.stk-474cdea {margin-bottom:20px !important;}.stk-474cdea .stk-block-heading__text{line-height:1.2em !important;}<\/style><h2 class=\"stk-block-heading__text stk-block-heading--use-theme-margins\">Sitio arqueol\u00f3gico     El Taj\u00edn<\/h2><\/div>\n\n\n\n<div class=\"wp-block-stackable-text stk-block-text stk-block stk-d126f71\" data-block-id=\"d126f71\"><style>.stk-d126f71 {margin-bottom:20px !important;}<\/style><p class=\"stk-block-text__text\">Una de las zonas arqueol\u00f3gicas m\u00e1s impresionantes de M\u00e9xico y Patrimonio de la Humanidad. Famosa por la Pir\u00e1mide de los Nichos, El Taj\u00edn ofrece un recorrido fascinante por la grandeza de la cultura totonaca.<\/p><\/div>\n<\/div><\/div><\/div>\n<\/div><\/div>\n\n\n\n<div style=\"height:60px\" aria-hidden=\"true\" class=\"wp-block-spacer\"><\/div>\n\n\n\n<div class=\"wp-block-stackable-columns stk-block-columns stk-block stk-5608cde\" data-block-id=\"5608cde\"><style>.stk-5608cde .stk--block-align-5608cde{align-items:center !important;}.stk-5608cde {margin-bottom:0px !important;}.stk-5608cde-column{--stk-column-gap:35px !important;row-gap:60px !important;}<\/style><div class=\"stk-row stk-inner-blocks has-text-align-center-tablet stk--block-align-5608cde stk-block-content stk-content-align stk-5608cde-column\">\n<div class=\"wp-block-stackable-column stk-block-column stk-column stk-block stk-4f1cd8e\" data-v=\"4\" data-block-id=\"4f1cd8e\"><style>.stk-4f1cd8e-container{margin-top:0px !important;margin-right:0px !important;margin-bottom:0px !important;margin-left:0px !important;}@media screen and (min-width:690px) and (max-width:999px){.stk-4f1cd8e {flex:var(--stk-flex-grow, 1) 1 calc(100% - var(--stk-column-gap, 0px) * 0 \/ 1 ) !important;}}@media screen and (max-width:689px){.stk-4f1cd8e {flex:var(--stk-flex-grow, 1) 1 calc(100% - var(--stk-column-gap, 0px) * 1 \/ 2 ) !important;}}<\/style><div class=\"stk-column-wrapper stk-block-column__content stk-container stk-4f1cd8e-container stk--no-background stk--no-padding\"><div class=\"stk-block-content stk-inner-blocks stk-4f1cd8e-inner-blocks\">\n<div class=\"wp-block-stackable-image stk-block-image stk-block stk-a6aee12\" data-block-id=\"a6aee12\"><style>.stk-a6aee12 .stk-img-wrapper{aspect-ratio:1\/1 !important;height:auto !important;}.stk-a6aee12 .stk-img-wrapper img{object-position:61% 50% !important;}@media screen and (max-width:999px){.stk-a6aee12 .stk-img-wrapper{height:auto !important;}}@media screen and (max-width:689px){.stk-a6aee12 .stk-img-wrapper{height:auto !important;}}<\/style><figure><span class=\"stk-img-wrapper stk-image--shape-stretch\"><img loading=\"lazy\" decoding=\"async\" class=\"stk-img wp-image-1146\" src=\"https:\/\/istirincha.stivopro.com\/hotelistirincha\/wp-content\/uploads\/sites\/3\/2026\/02\/barra-de-nautla-veracruz.png\" width=\"1200\" height=\"675\" srcset=\"https:\/\/istirincha.com.mx\/hotelistirincha\/wp-content\/uploads\/sites\/3\/2026\/02\/barra-de-nautla-veracruz.png 1200w, https:\/\/istirincha.com.mx\/hotelistirincha\/wp-content\/uploads\/sites\/3\/2026\/02\/barra-de-nautla-veracruz-300x169.png 300w, https:\/\/istirincha.com.mx\/hotelistirincha\/wp-content\/uploads\/sites\/3\/2026\/02\/barra-de-nautla-veracruz-1024x576.png 1024w, https:\/\/istirincha.com.mx\/hotelistirincha\/wp-content\/uploads\/sites\/3\/2026\/02\/barra-de-nautla-veracruz-768x432.png 768w, https:\/\/istirincha.com.mx\/hotelistirincha\/wp-content\/uploads\/sites\/3\/2026\/02\/barra-de-nautla-veracruz-600x338.png 600w\" sizes=\"auto, (max-width: 1200px) 100vw, 1200px\" \/><\/span><\/figure><\/div>\n<\/div><\/div><\/div>\n\n\n\n<div class=\"wp-block-stackable-column stk-block-column stk-column stk-block stk-25bf805\" data-v=\"4\" data-block-id=\"25bf805\"><style>.stk-25bf805-container{margin-top:0px !important;margin-right:0px !important;margin-bottom:0px !important;margin-left:0px !important;}.stk-25bf805 {padding-right:30px !important;padding-left:30px !important;}@media screen and (min-width:690px) and (max-width:999px){.stk-25bf805 {flex:var(--stk-flex-grow, 1) 1 calc(100% - var(--stk-column-gap, 0px) * 0 \/ 1 ) !important;}}@media screen and (max-width:999px){.stk-25bf805 {padding-top:0px !important;padding-right:0px !important;padding-bottom:0px !important;padding-left:0px !important;}}<\/style><div class=\"stk-column-wrapper stk-block-column__content stk-container stk-25bf805-container stk--no-background stk--no-padding\"><div class=\"stk-block-content stk-inner-blocks stk-25bf805-inner-blocks\">\n<div class=\"wp-block-stackable-heading stk-block-heading stk-block-heading--v2 stk-block stk-6265368\" id=\"costa-esmeralda\" data-block-id=\"6265368\"><style>.stk-6265368 {margin-bottom:20px !important;}.stk-6265368 .stk-block-heading__text{line-height:1.2em !important;}<\/style><h2 class=\"stk-block-heading__text stk-block-heading--use-theme-margins\">Costa Esmeralda<\/h2><\/div>\n\n\n\n<div class=\"wp-block-stackable-text stk-block-text stk-block stk-78f82ea\" data-block-id=\"78f82ea\"><style>.stk-78f82ea {margin-bottom:20px !important;}<\/style><p class=\"stk-block-text__text\">Un corredor de playas de arena suave y mar tranquilo en la costa veracruzana. Ideal para disfrutar el sol, caminar frente al mar y desconectar en un entorno natural relajado.<\/p><\/div>\n<\/div><\/div><\/div>\n<\/div><\/div>\n\n\n\n<div style=\"height:60px\" aria-hidden=\"true\" class=\"wp-block-spacer\"><\/div>\n\n\n\n<div class=\"wp-block-stackable-columns stk-block-columns stk-block stk-2bccc88\" data-block-id=\"2bccc88\"><style>.stk-2bccc88 .stk--block-align-2bccc88{align-items:center !important;}.stk-2bccc88 {margin-bottom:0px !important;}.stk-2bccc88-column{--stk-column-gap:35px !important;row-gap:60px !important;}<\/style><div class=\"stk-row stk-inner-blocks has-text-align-center-tablet stk--block-align-2bccc88 stk-block-content stk-content-align stk-2bccc88-column\">\n<div class=\"wp-block-stackable-column stk-block-column stk-column stk-block stk-b002dff\" data-v=\"4\" data-block-id=\"b002dff\"><style>.stk-b002dff-container{margin-top:0px !important;margin-right:0px !important;margin-bottom:0px !important;margin-left:0px !important;}@media screen and (min-width:690px) and (max-width:999px){.stk-b002dff {flex:var(--stk-flex-grow, 1) 1 calc(100% - var(--stk-column-gap, 0px) * 0 \/ 1 ) !important;}}@media screen and (max-width:689px){.stk-b002dff {flex:var(--stk-flex-grow, 1) 1 calc(100% - var(--stk-column-gap, 0px) * 1 \/ 2 ) !important;}}<\/style><div class=\"stk-column-wrapper stk-block-column__content stk-container stk-b002dff-container stk--no-background stk--no-padding\"><div class=\"stk-block-content stk-inner-blocks stk-b002dff-inner-blocks\">\n<div class=\"wp-block-stackable-image stk-block-image stk-block stk-f35c215\" data-block-id=\"f35c215\"><style>.stk-f35c215 .stk-img-wrapper{aspect-ratio:1\/1 !important;height:auto !important;}.stk-f35c215 .stk-img-wrapper img{object-position:0% 46% !important;}@media screen and (max-width:999px){.stk-f35c215 .stk-img-wrapper{height:auto !important;}}@media screen and (max-width:689px){.stk-f35c215 .stk-img-wrapper{height:auto !important;}}<\/style><figure><span class=\"stk-img-wrapper stk-image--shape-stretch\"><img loading=\"lazy\" decoding=\"async\" class=\"stk-img wp-image-1152\" src=\"https:\/\/istirincha.stivopro.com\/hotelistirincha\/wp-content\/uploads\/sites\/3\/2026\/02\/Letras-monumentales-en-San-Rafael-Veracruz.jpg\" width=\"550\" height=\"295\" srcset=\"https:\/\/istirincha.com.mx\/hotelistirincha\/wp-content\/uploads\/sites\/3\/2026\/02\/Letras-monumentales-en-San-Rafael-Veracruz.jpg 550w, https:\/\/istirincha.com.mx\/hotelistirincha\/wp-content\/uploads\/sites\/3\/2026\/02\/Letras-monumentales-en-San-Rafael-Veracruz-300x161.jpg 300w\" sizes=\"auto, (max-width: 550px) 100vw, 550px\" \/><\/span><\/figure><\/div>\n<\/div><\/div><\/div>\n\n\n\n<div class=\"wp-block-stackable-column stk-block-column stk-column stk-block stk-ad6b783\" data-v=\"4\" data-block-id=\"ad6b783\"><style>.stk-ad6b783-container{margin-top:0px !important;margin-right:0px !important;margin-bottom:0px !important;margin-left:0px !important;}.stk-ad6b783 {padding-right:30px !important;padding-left:30px !important;}@media screen and (min-width:690px) and (max-width:999px){.stk-ad6b783 {flex:var(--stk-flex-grow, 1) 1 calc(100% - var(--stk-column-gap, 0px) * 0 \/ 1 ) !important;}}@media screen and (max-width:999px){.stk-ad6b783 {padding-top:0px !important;padding-right:0px !important;padding-bottom:0px !important;padding-left:0px !important;}}<\/style><div class=\"stk-column-wrapper stk-block-column__content stk-container stk-ad6b783-container stk--no-background stk--no-padding\"><div class=\"stk-block-content stk-inner-blocks stk-ad6b783-inner-blocks\">\n<div class=\"wp-block-stackable-heading stk-block-heading stk-block-heading--v2 stk-block stk-c210c23\" id=\"san-rafael\" data-block-id=\"c210c23\"><style>.stk-c210c23 {margin-bottom:20px !important;}.stk-c210c23 .stk-block-heading__text{line-height:1.2em !important;}<\/style><h2 class=\"stk-block-heading__text stk-block-heading--use-theme-margins\">San Rafael<\/h2><\/div>\n\n\n\n<div class=\"wp-block-stackable-text stk-block-text stk-block stk-f32ccd9\" data-block-id=\"f32ccd9\"><style>.stk-f32ccd9 {margin-bottom:20px !important;}<\/style><p class=\"stk-block-text__text\">Un pintoresco pueblo con herencia francesa, rodeado de naturaleza y tradici\u00f3n. Sus paisajes, arquitectura y gastronom\u00eda lo convierten en una parada cultural encantadora.<\/p><\/div>\n<\/div><\/div><\/div>\n<\/div><\/div>\n\n\n\n<div style=\"height:60px\" aria-hidden=\"true\" class=\"wp-block-spacer\"><\/div>\n\n\n\n<div class=\"wp-block-stackable-columns stk-block-columns stk-block stk-3b227ad\" data-block-id=\"3b227ad\"><style>.stk-3b227ad .stk--block-align-3b227ad{align-items:center !important;}.stk-3b227ad {margin-bottom:0px !important;}.stk-3b227ad-column{--stk-column-gap:35px !important;row-gap:60px !important;}<\/style><div class=\"stk-row stk-inner-blocks has-text-align-center-tablet stk--block-align-3b227ad stk-block-content stk-content-align stk-3b227ad-column\">\n<div class=\"wp-block-stackable-column stk-block-column stk-column stk-block stk-a5e866b\" data-v=\"4\" data-block-id=\"a5e866b\"><style>.stk-a5e866b-container{margin-top:0px !important;margin-right:0px !important;margin-bottom:0px !important;margin-left:0px !important;}@media screen and (min-width:690px) and (max-width:999px){.stk-a5e866b {flex:var(--stk-flex-grow, 1) 1 calc(100% - var(--stk-column-gap, 0px) * 0 \/ 1 ) !important;}}@media screen and (max-width:689px){.stk-a5e866b {flex:var(--stk-flex-grow, 1) 1 calc(100% - var(--stk-column-gap, 0px) * 1 \/ 2 ) !important;}}<\/style><div class=\"stk-column-wrapper stk-block-column__content stk-container stk-a5e866b-container stk--no-background stk--no-padding\"><div class=\"stk-block-content stk-inner-blocks stk-a5e866b-inner-blocks\">\n<div class=\"wp-block-stackable-image stk-block-image stk-block stk-71cd7f4\" data-block-id=\"71cd7f4\"><style>.stk-71cd7f4 .stk-img-wrapper{aspect-ratio:1\/1 !important;height:auto !important;}.stk-71cd7f4 .stk-img-wrapper img{object-position:61% 50% !important;}@media screen and (max-width:999px){.stk-71cd7f4 .stk-img-wrapper{height:auto !important;}}@media screen and (max-width:689px){.stk-71cd7f4 .stk-img-wrapper{height:auto !important;}}<\/style><figure><span class=\"stk-img-wrapper stk-image--shape-stretch\"><img loading=\"lazy\" decoding=\"async\" class=\"stk-img wp-image-1149\" src=\"https:\/\/istirincha.stivopro.com\/hotelistirincha\/wp-content\/uploads\/sites\/3\/2026\/02\/Jicaltepec.jpg\" width=\"2048\" height=\"1153\" srcset=\"https:\/\/istirincha.com.mx\/hotelistirincha\/wp-content\/uploads\/sites\/3\/2026\/02\/Jicaltepec.jpg 2048w, https:\/\/istirincha.com.mx\/hotelistirincha\/wp-content\/uploads\/sites\/3\/2026\/02\/Jicaltepec-300x169.jpg 300w, https:\/\/istirincha.com.mx\/hotelistirincha\/wp-content\/uploads\/sites\/3\/2026\/02\/Jicaltepec-1024x577.jpg 1024w, https:\/\/istirincha.com.mx\/hotelistirincha\/wp-content\/uploads\/sites\/3\/2026\/02\/Jicaltepec-768x432.jpg 768w, https:\/\/istirincha.com.mx\/hotelistirincha\/wp-content\/uploads\/sites\/3\/2026\/02\/Jicaltepec-1536x865.jpg 1536w, https:\/\/istirincha.com.mx\/hotelistirincha\/wp-content\/uploads\/sites\/3\/2026\/02\/Jicaltepec-600x338.jpg 600w\" sizes=\"auto, (max-width: 2048px) 100vw, 2048px\" \/><\/span><\/figure><\/div>\n<\/div><\/div><\/div>\n\n\n\n<div class=\"wp-block-stackable-column stk-block-column stk-column stk-block stk-e96b02f\" data-v=\"4\" data-block-id=\"e96b02f\"><style>.stk-e96b02f-container{margin-top:0px !important;margin-right:0px !important;margin-bottom:0px !important;margin-left:0px !important;}.stk-e96b02f {padding-right:30px !important;padding-left:30px !important;}@media screen and (min-width:690px) and (max-width:999px){.stk-e96b02f {flex:var(--stk-flex-grow, 1) 1 calc(100% - var(--stk-column-gap, 0px) * 0 \/ 1 ) !important;}}@media screen and (max-width:999px){.stk-e96b02f {padding-top:0px !important;padding-right:0px !important;padding-bottom:0px !important;padding-left:0px !important;}}<\/style><div class=\"stk-column-wrapper stk-block-column__content stk-container stk-e96b02f-container stk--no-background stk--no-padding\"><div class=\"stk-block-content stk-inner-blocks stk-e96b02f-inner-blocks\">\n<div class=\"wp-block-stackable-heading stk-block-heading stk-block-heading--v2 stk-block stk-6f6add3\" id=\"jicaltepec\" data-block-id=\"6f6add3\"><style>.stk-6f6add3 {margin-bottom:20px !important;}.stk-6f6add3 .stk-block-heading__text{line-height:1.2em !important;}<\/style><h2 class=\"stk-block-heading__text stk-block-heading--use-theme-margins\">Jicaltepec<\/h2><\/div>\n\n\n\n<div class=\"wp-block-stackable-text stk-block-text stk-block stk-8e6e93a\" data-block-id=\"8e6e93a\"><style>.stk-8e6e93a {margin-bottom:20px !important;}<\/style><p class=\"stk-block-text__text\">Conocido como \u201cel peque\u00f1o Par\u00eds veracruzano\u201d, este poblado conserva la influencia francesa en su arquitectura y tradiciones, ofreciendo una experiencia hist\u00f3rica y cultural diferente en la regi\u00f3n.<\/p><\/div>\n<\/div><\/div><\/div>\n<\/div><\/div>\n\n\n\n<div style=\"height:60px\" aria-hidden=\"true\" class=\"wp-block-spacer\"><\/div>\n\n\n\n<div class=\"wp-block-stackable-columns stk-block-columns stk-block stk-b6303c7\" data-block-id=\"b6303c7\"><style>.stk-b6303c7 .stk--block-align-b6303c7{align-items:center !important;}.stk-b6303c7 {margin-bottom:0px !important;}.stk-b6303c7-column{--stk-column-gap:35px !important;row-gap:60px !important;}<\/style><div class=\"stk-row stk-inner-blocks has-text-align-center-tablet stk--block-align-b6303c7 stk-block-content stk-content-align stk-b6303c7-column\">\n<div class=\"wp-block-stackable-column stk-block-column stk-column stk-block stk-ae751be\" data-v=\"4\" data-block-id=\"ae751be\"><style>.stk-ae751be-container{margin-top:0px !important;margin-right:0px !important;margin-bottom:0px !important;margin-left:0px !important;}@media screen and (min-width:690px) and (max-width:999px){.stk-ae751be {flex:var(--stk-flex-grow, 1) 1 calc(100% - var(--stk-column-gap, 0px) * 0 \/ 1 ) !important;}}@media screen and (max-width:689px){.stk-ae751be {flex:var(--stk-flex-grow, 1) 1 calc(100% - var(--stk-column-gap, 0px) * 1 \/ 2 ) !important;}}<\/style><div class=\"stk-column-wrapper stk-block-column__content stk-container stk-ae751be-container stk--no-background stk--no-padding\"><div class=\"stk-block-content stk-inner-blocks stk-ae751be-inner-blocks\">\n<div class=\"wp-block-stackable-image stk-block-image stk-block stk-fda762e\" data-block-id=\"fda762e\"><style>.stk-fda762e .stk-img-wrapper{aspect-ratio:1\/1 !important;height:auto !important;}.stk-fda762e .stk-img-wrapper img{object-position:61% 50% !important;}@media screen and (max-width:999px){.stk-fda762e .stk-img-wrapper{height:auto !important;}}@media screen and (max-width:689px){.stk-fda762e .stk-img-wrapper{height:auto !important;}}<\/style><figure><span class=\"stk-img-wrapper stk-image--shape-stretch\"><img loading=\"lazy\" decoding=\"async\" class=\"stk-img wp-image-1148\" src=\"https:\/\/istirincha.stivopro.com\/hotelistirincha\/wp-content\/uploads\/sites\/3\/2026\/02\/Nautla.jpeg\" width=\"1320\" height=\"879\" srcset=\"https:\/\/istirincha.com.mx\/hotelistirincha\/wp-content\/uploads\/sites\/3\/2026\/02\/Nautla.jpeg 1320w, https:\/\/istirincha.com.mx\/hotelistirincha\/wp-content\/uploads\/sites\/3\/2026\/02\/Nautla-300x200.jpeg 300w, https:\/\/istirincha.com.mx\/hotelistirincha\/wp-content\/uploads\/sites\/3\/2026\/02\/Nautla-1024x682.jpeg 1024w, https:\/\/istirincha.com.mx\/hotelistirincha\/wp-content\/uploads\/sites\/3\/2026\/02\/Nautla-768x511.jpeg 768w, https:\/\/istirincha.com.mx\/hotelistirincha\/wp-content\/uploads\/sites\/3\/2026\/02\/Nautla-600x400.jpeg 600w\" sizes=\"auto, (max-width: 1320px) 100vw, 1320px\" \/><\/span><\/figure><\/div>\n<\/div><\/div><\/div>\n\n\n\n<div class=\"wp-block-stackable-column stk-block-column stk-column stk-block stk-447b836\" data-v=\"4\" data-block-id=\"447b836\"><style>.stk-447b836-container{margin-top:0px !important;margin-right:0px !important;margin-bottom:0px !important;margin-left:0px !important;}.stk-447b836 {padding-right:30px !important;padding-left:30px !important;}@media screen and (min-width:690px) and (max-width:999px){.stk-447b836 {flex:var(--stk-flex-grow, 1) 1 calc(100% - var(--stk-column-gap, 0px) * 0 \/ 1 ) !important;}}@media screen and (max-width:999px){.stk-447b836 {padding-top:0px !important;padding-right:0px !important;padding-bottom:0px !important;padding-left:0px !important;}}<\/style><div class=\"stk-column-wrapper stk-block-column__content stk-container stk-447b836-container stk--no-background stk--no-padding\"><div class=\"stk-block-content stk-inner-blocks stk-447b836-inner-blocks\">\n<div class=\"wp-block-stackable-heading stk-block-heading stk-block-heading--v2 stk-block stk-6f8a991\" id=\"barra-de-nautla\" data-block-id=\"6f8a991\"><style>.stk-6f8a991 {margin-bottom:20px !important;}.stk-6f8a991 .stk-block-heading__text{line-height:1.2em !important;}<\/style><h2 class=\"stk-block-heading__text stk-block-heading--use-theme-margins\">Barra de Nautla<\/h2><\/div>\n\n\n\n<div class=\"wp-block-stackable-text stk-block-text stk-block stk-8751a47\" data-block-id=\"8751a47\"><style>.stk-8751a47 {margin-bottom:20px !important;}<\/style><p class=\"stk-block-text__text\">Donde el r\u00edo Nautla se encuentra con el mar, creando un paisaje \u00fanico entre manglares y playa abierta. Un sitio perfecto para paseos tranquilos y vistas naturales memorables.<\/p><\/div>\n<\/div><\/div><\/div>\n<\/div><\/div>\n","protected":false},"excerpt":{"rendered":"<p>Sitio arqueol\u00f3gico El Taj\u00edn Una de las zonas arqueol\u00f3gicas m\u00e1s impresionantes de M\u00e9xico y Patrimonio de la Humanidad. Famosa por la Pir\u00e1mide de los Nichos, El Taj\u00edn ofrece un recorrido fascinante por la grandeza de la cultura totonaca. Costa Esmeralda Un corredor de playas de arena suave y mar tranquilo en la costa veracruzana. Ideal [&hellip;]<\/p>\n","protected":false},"author":1,"featured_media":0,"parent":0,"menu_order":0,"comment_status":"closed","ping_status":"closed","template":"","meta":{"footnotes":""},"class_list":["post-1137","page","type-page","status-publish","hentry"],"blocksy_meta":[],"_links":{"self":[{"href":"https:\/\/istirincha.com.mx\/hotelistirincha\/wp-json\/wp\/v2\/pages\/1137","targetHints":{"allow":["GET"]}}],"collection":[{"href":"https:\/\/istirincha.com.mx\/hotelistirincha\/wp-json\/wp\/v2\/pages"}],"about":[{"href":"https:\/\/istirincha.com.mx\/hotelistirincha\/wp-json\/wp\/v2\/types\/page"}],"author":[{"embeddable":true,"href":"https:\/\/istirincha.com.mx\/hotelistirincha\/wp-json\/wp\/v2\/users\/1"}],"replies":[{"embeddable":true,"href":"https:\/\/istirincha.com.mx\/hotelistirincha\/wp-json\/wp\/v2\/comments?post=1137"}],"version-history":[{"count":8,"href":"https:\/\/istirincha.com.mx\/hotelistirincha\/wp-json\/wp\/v2\/pages\/1137\/revisions"}],"predecessor-version":[{"id":1156,"href":"https:\/\/istirincha.com.mx\/hotelistirincha\/wp-json\/wp\/v2\/pages\/1137\/revisions\/1156"}],"wp:attachment":[{"href":"https:\/\/istirincha.com.mx\/hotelistirincha\/wp-json\/wp\/v2\/media?parent=1137"}],"curies":[{"name":"wp","href":"https:\/\/api.w.org\/{rel}","templated":true}]}}